{"id":152,"date":"2012-12-21T19:00:56","date_gmt":"2012-12-21T19:00:56","guid":{"rendered":"http:\/\/fcnettetal.com\/?page_id=152"},"modified":"2017-06-11T16:23:37","modified_gmt":"2017-06-11T16:23:37","slug":"was-ist-futsal","status":"publish","type":"page","link":"https:\/\/fcnettetal.com\/?page_id=152","title":{"rendered":"Was ist Futsal ?"},"content":{"rendered":"<p><strong>Liebe Senioren, liebe Jugend, liebe Fussballfreunde,<\/strong><\/p>\n<p><strong>Futsal<\/strong> ist die vom Weltfu\u00dfballverband FIFA offiziell anerkannte Variante des Hallenfu\u00dfballs.<\/p>\n<p>Mit Futsal ist der Fu\u00dfball nicht neu erfunden worden, aber im Ausbildungs- sowie im Spielbereich intelligenter und zeitgem\u00e4\u00dfer geworden.<\/p>\n<p>Wie ist das zu verstehen?<\/p>\n<p>Es gibt beim Futsal einige grunds\u00e4tzliche Unterschiede zum Hallenfu\u00dfball, die aber dem modernen Fu\u00dfball von heute sehr zugute kommen.<\/p>\n<ul>\n<li>Der Ball \u2013 er ist ein wenig kleiner, daf\u00fcr aber schwerer und wird nicht so hart aufgepumpt.<br \/>\nDie Folge: Spiel am Boden, bessere Passh\u00e4rte, Vorteile bei Beidf\u00fc\u00dfigkeit.<\/li>\n<li>Es wird nicht mit Bande gespielt. Das zieht in der Regel weniger Verletzungen nach sich.<br \/>\n\u00dcberdies wird die Handlungsschnelligkeit erh\u00f6ht.<br \/>\nIst der Ball im Aus, muss es innerhalb von vier Sekunden weitergehen, es wird eingespielt, nicht eingerollt oder geworfen.<\/li>\n<li>Der Torwart hat pro Ballbesitz nur eine M\u00f6glichkeit der Ballkontaktaufnahme.<br \/>\nDamit sind die Feldspieler gezwungen, offensiv zu agieren, immer selbst eine Entscheidung zu treffen.<br \/>\nEs gibt kein Alibispiel \u00fcber den Torwart und es muss auch vorausschauend agiert werden.<br \/>\nDesweiteren wird da \u00bbEins gegen \u00bbEins\u00ab offensiv wie defensiv gef\u00f6rdert, aber alles am Mann und ohne zu gr\u00e4tschen.<br \/>\nDie Alternative zum \u201cEins gegen Eins\u00ab ist ein sicheres Kurzpass-Kombinationsspiel mit viel Bewegung ohne Ball.<\/li>\n<\/ul>\n<p>F\u00fcr den Ausbildungsbereich von Leistungsmannschaften noch einige wichtige Punkte:<\/p>\n<p>Immer ballorientiert sein, absolute Fitness im Bereich K\u00f6rper und Geist, da man immer ins Spiel mit einbezogen wird, das Passspiel durch die Beine des Gegners im Offensivbereich zu trainieren, da die R\u00e4ume sehr eng werden.<\/p>\n<p>Mit dem Futsal macht Fu\u00dfball in der Halle viel mehr Spa\u00df.<\/p>\n<hr \/>\n<p>euer Futsal Club Nettetal<\/p>\n<p><img loading=\"lazy\" decoding=\"async\" class=\"wp-image-1011 alignleft\" src=\"https:\/\/fcnettetal.com\/wp-content\/uploads\/2015\/02\/cropped-Futsal-Club-Nettetal-600x600.jpg\" alt=\"\" width=\"337\" height=\"337\" srcset=\"https:\/\/fcnettetal.com\/wp-content\/uploads\/2015\/02\/cropped-Futsal-Club-Nettetal-600x600.jpg 600w, https:\/\/fcnettetal.com\/wp-content\/uploads\/2015\/02\/cropped-Futsal-Club-Nettetal-300x300.jpg 300w, https:\/\/fcnettetal.com\/wp-content\/uploads\/2015\/02\/cropped-Futsal-Club-Nettetal-1022x1024.jpg 1022w, https:\/\/fcnettetal.com\/wp-content\/uploads\/2015\/02\/cropped-Futsal-Club-Nettetal.jpg 1260w\" sizes=\"auto, (max-width: 337px) 100vw, 337px\" \/><\/p>\n","protected":false},"excerpt":{"rendered":"<p>Liebe Senioren, liebe Jugend, liebe Fussballfreunde, Futsal ist die vom Weltfu\u00dfballverband FIFA offiziell anerkannte Variante des Hallenfu\u00dfballs. Mit Futsal ist der Fu\u00dfball nicht neu erfunden worden, aber im Ausbildungs- sowie im Spielbereich intelligenter und zeitgem\u00e4\u00dfer geworden. Wie ist das zu verstehen? Es gibt beim Futsal einige grunds\u00e4tzliche Unterschiede zum Hallenfu\u00dfball, die aber dem modernen Fu\u00dfball &hellip; <a href=\"https:\/\/fcnettetal.com\/?page_id=152\" class=\"more-link\"><span class=\"screen-reader-text\">Was ist Futsal ?<\/span> weiterlesen <span class=\"meta-nav\">&rarr;<\/span><\/a><\/p>\n","protected":false},"author":2,"featured_media":0,"parent":45,"menu_order":0,"comment_status":"closed","ping_status":"closed","template":"","meta":{"footnotes":""},"class_list":["post-152","page","type-page","status-publish","hentry"],"_links":{"self":[{"href":"https:\/\/fcnettetal.com\/index.php?rest_route=\/wp\/v2\/pages\/152","targetHints":{"allow":["GET"]}}],"collection":[{"href":"https:\/\/fcnettetal.com\/index.php?rest_route=\/wp\/v2\/pages"}],"about":[{"href":"https:\/\/fcnettetal.com\/index.php?rest_route=\/wp\/v2\/types\/page"}],"author":[{"embeddable":true,"href":"https:\/\/fcnettetal.com\/index.php?rest_route=\/wp\/v2\/users\/2"}],"replies":[{"embeddable":true,"href":"https:\/\/fcnettetal.com\/index.php?rest_route=%2Fwp%2Fv2%2Fcomments&post=152"}],"version-history":[{"count":0,"href":"https:\/\/fcnettetal.com\/index.php?rest_route=\/wp\/v2\/pages\/152\/revisions"}],"up":[{"embeddable":true,"href":"https:\/\/fcnettetal.com\/index.php?rest_route=\/wp\/v2\/pages\/45"}],"wp:attachment":[{"href":"https:\/\/fcnettetal.com\/index.php?rest_route=%2Fwp%2Fv2%2Fmedia&parent=152"}],"curies":[{"name":"wp","href":"https:\/\/api.w.org\/{rel}","templated":true}]}}