{"id":1561,"date":"2015-12-04T10:32:49","date_gmt":"2015-12-04T10:32:49","guid":{"rendered":"http:\/\/fcnettetal.com\/?page_id=1561"},"modified":"2017-06-11T16:25:06","modified_gmt":"2017-06-11T16:25:06","slug":"qualifikationen","status":"publish","type":"page","link":"https:\/\/fcnettetal.com\/?page_id=1561","title":{"rendered":"Unsere Qualifikationen"},"content":{"rendered":"<p><strong>Unsere Qualifikationen<\/strong><\/p>\n<p>Auf dieser Seite stellt Ihnen der Futsal Club Nettetal e.V alle erworbenen Qualifikationen zur Verf\u00fcgung.<\/p>\n<p>Gerade bei der Arbeit mit Jugendlichen ist es wichtig sich fortzubilden und sich ein gewisses Ma\u00df an Bildung anzueignen.<\/p>\n<p>Aber dennoch ist ein gesundes Augenmass aufgrund der Mitgliedergr\u00f6sse des Futsal Club Nettetal e.V. notwendig, um zu entscheiden welche Fortbildungsma\u00dfnahmen notwendig sind und den Verein in seiner Zielf\u00fchrung und Philosophie weiterbringen.<\/p>\n<p><a href=\"https:\/\/fcnettetal.com\/wp-content\/uploads\/2015\/02\/Fifa-Futsal-Lehrgang-2013.pdf\">&gt;&gt;&gt;\u00a0\u00a0\u00a0 Fifa Futsal Lehrgang \u2013 2013<\/a><\/p>\n<p><a href=\"https:\/\/fcnettetal.com\/wp-content\/uploads\/2015\/02\/Ersthelfer-im-Betrieb-Verein-2014.pdf\">&gt;&gt;&gt;\u00a0 \u00a0\u00a0 Ersthelfer im Betrieb-Verein \u2013 2014<\/a><\/p>\n<p><a href=\"https:\/\/fcnettetal.com\/wp-content\/uploads\/2015\/02\/Trainerschein.pdf\">&gt;&gt;&gt;\u00a0\u00a0\u00a0 Ausbildungslehrgang \u201eKindertraining\u201c \u2013 2014<\/a><\/p>\n<p><a href=\"https:\/\/fcnettetal.com\/?p=437\">&gt;&gt;&gt;\u00a0\u00a0\u00a0 Zeitungsartikel<\/a><\/p>\n<p><a href=\"https:\/\/fcnettetal.com\/wp-content\/uploads\/2015\/04\/Ausbildungslehrgang-Basiswissen-2015-TV.pdf\">&gt;&gt;&gt; Ausbildungslehrgang \u201eBasiswissen\u201c \u2013 2015<\/a><\/p>\n<p><a href=\"https:\/\/fcnettetal.com\/wp-content\/uploads\/2016\/01\/Kinder-stark-machen-im-Fussballverein-TV.jpg\" target=\"_blank\" rel=\"noopener\">&gt;&gt;&gt;\u00a0\u00a0 Kurzschulung \u201eKinder stark machen im Fussballverein\u201c \u2013 2015<\/a><\/p>\n<p><a href=\"https:\/\/fcnettetal.com\/wp-content\/uploads\/2015\/04\/Teamleiter-Kindertraining-TV.pdf\">&gt;&gt;&gt; \u00a0 Ausbildungslehrgang \u201eTeamleiter Kindertraining\u201c<\/a><\/p>\n<p><a href=\"https:\/\/fcnettetal.com\/wp-content\/uploads\/2015\/06\/Trainer-C.jpg\">&gt;&gt;&gt; Trainer C Lizenz \u2013 2015<\/a><\/p>\n<p><a href=\"https:\/\/fcnettetal.com\/wp-content\/uploads\/2015\/04\/Jugendleiter-Ausweis-2015-16-.pdf\">&gt;&gt;&gt;\u00a0 Jugendleiterausweis \u2013 2015<\/a><\/p>\n<p><a href=\"https:\/\/fcnettetal.com\/wp-content\/uploads\/2015\/04\/DFB-Teamleiter-Card-.pdf\">&gt;&gt;&gt;\u00a0 Teamleiter Ausweis \u2013 2015<\/a><\/p>\n<p><a href=\"https:\/\/fcnettetal.com\/wp-content\/uploads\/2015\/06\/comp_C-Trainer-Ausweis-2015.jpg\">&gt;&gt;&gt; C \u2013 Trainer Ausweis \u2013 2015<\/a><\/p>\n<p><a href=\"https:\/\/fcnettetal.com\/wp-content\/uploads\/2015\/04\/Schiedsrichterausweis-2015-TV1.pdf\">&gt;&gt;&gt; Schiedsrichterausweis \u2013 2015 \u2013 Thomas Vernholz<\/a><\/p>\n<p><a href=\"https:\/\/fcnettetal.com\/wp-content\/uploads\/2015\/04\/Schiedsrichterausweis-2015-VV1.pdf\">&gt;&gt;&gt; Schiedsrichterausweis \u2013 2015 \u2013 Vincent Vernholz<\/a><\/p>\n<p>Falls sie Fragen zu unserem Verein haben, k\u00f6nnen sie uns jederzeit kontaktieren.<\/p>\n<p>euer Futsal Club Nettetal e.V.<\/p>\n<hr \/>\n<p><img loading=\"lazy\" decoding=\"async\" class=\"wp-image-1011 alignleft\" src=\"https:\/\/fcnettetal.com\/wp-content\/uploads\/2015\/02\/cropped-Futsal-Club-Nettetal-600x600.jpg\" alt=\"\" width=\"337\" height=\"337\" srcset=\"https:\/\/fcnettetal.com\/wp-content\/uploads\/2015\/02\/cropped-Futsal-Club-Nettetal-600x600.jpg 600w, https:\/\/fcnettetal.com\/wp-content\/uploads\/2015\/02\/cropped-Futsal-Club-Nettetal-300x300.jpg 300w, https:\/\/fcnettetal.com\/wp-content\/uploads\/2015\/02\/cropped-Futsal-Club-Nettetal-1022x1024.jpg 1022w, https:\/\/fcnettetal.com\/wp-content\/uploads\/2015\/02\/cropped-Futsal-Club-Nettetal.jpg 1260w\" sizes=\"auto, (max-width: 337px) 100vw, 337px\" \/><\/p>\n","protected":false},"excerpt":{"rendered":"<p>Unsere Qualifikationen Auf dieser Seite stellt Ihnen der Futsal Club Nettetal e.V alle erworbenen Qualifikationen zur Verf\u00fcgung. Gerade bei der Arbeit mit Jugendlichen ist es wichtig sich fortzubilden und sich ein gewisses Ma\u00df an Bildung anzueignen. Aber dennoch ist ein gesundes Augenmass aufgrund der Mitgliedergr\u00f6sse des Futsal Club Nettetal e.V. notwendig, um zu entscheiden welche &hellip; <a href=\"https:\/\/fcnettetal.com\/?page_id=1561\" class=\"more-link\"><span class=\"screen-reader-text\">Unsere Qualifikationen<\/span> weiterlesen <span class=\"meta-nav\">&rarr;<\/span><\/a><\/p>\n","protected":false},"author":2,"featured_media":1546,"parent":43,"menu_order":8,"comment_status":"closed","ping_status":"closed","template":"","meta":{"footnotes":""},"class_list":["post-1561","page","type-page","status-publish","has-post-thumbnail","hentry"],"_links":{"self":[{"href":"https:\/\/fcnettetal.com\/index.php?rest_route=\/wp\/v2\/pages\/1561","targetHints":{"allow":["GET"]}}],"collection":[{"href":"https:\/\/fcnettetal.com\/index.php?rest_route=\/wp\/v2\/pages"}],"about":[{"href":"https:\/\/fcnettetal.com\/index.php?rest_route=\/wp\/v2\/types\/page"}],"author":[{"embeddable":true,"href":"https:\/\/fcnettetal.com\/index.php?rest_route=\/wp\/v2\/users\/2"}],"replies":[{"embeddable":true,"href":"https:\/\/fcnettetal.com\/index.php?rest_route=%2Fwp%2Fv2%2Fcomments&post=1561"}],"version-history":[{"count":0,"href":"https:\/\/fcnettetal.com\/index.php?rest_route=\/wp\/v2\/pages\/1561\/revisions"}],"up":[{"embeddable":true,"href":"https:\/\/fcnettetal.com\/index.php?rest_route=\/wp\/v2\/pages\/43"}],"wp:featuredmedia":[{"embeddable":true,"href":"https:\/\/fcnettetal.com\/index.php?rest_route=\/wp\/v2\/media\/1546"}],"wp:attachment":[{"href":"https:\/\/fcnettetal.com\/index.php?rest_route=%2Fwp%2Fv2%2Fmedia&parent=1561"}],"curies":[{"name":"wp","href":"https:\/\/api.w.org\/{rel}","templated":true}]}}