{"id":1652,"date":"2015-12-19T14:15:27","date_gmt":"2015-12-19T14:15:27","guid":{"rendered":"http:\/\/fcnettetal.com\/?page_id=1652"},"modified":"2018-03-26T11:33:21","modified_gmt":"2018-03-26T11:33:21","slug":"verleih","status":"publish","type":"page","link":"https:\/\/fcnettetal.com\/?page_id=1652","title":{"rendered":"Verleih"},"content":{"rendered":"<p>Sehr geehrte Mitglieder,<br \/>\nsehr geehrte Sportsfreunde, sehr geehrte G\u00e4ste,<\/p>\n<p>gerne verleiht der Futsal Club Nettetal e.V.<\/p>\n<p>Festzelt Pavillion &#8211; 4 x 8 Meter\u00a0 &#8211; 32 qm f\u00fcr 40,00 Euro f\u00fcr 3 Tage zu vermieten.<\/p>\n<p>Bayrische 2er Sitzb\u00e4nke inklusive Tische f\u00fcr 16 Personen gegen eine Spende von 30,00 Euro f\u00fcr 3 Tage.<\/p>\n<p>Desweiteren verleihen wir 6 x 3 Personen Zelte f\u00fcr eine Spende von 10 Euro je Zelt f\u00fcr 1 Woche.<\/p>\n<p>15 warme Sommerschlafs\u00e4cke f\u00fcr 5\u00a0 Euro je Schlafsack f\u00fcr eine Woche.<\/p>\n<p>Wir verleihen auch unseren 60 Personen Vereinsgrill f\u00fcr eine Spende von 30,00 Euro f\u00fcr 3 Tage.<\/p>\n<p>Wir haben auch noch einen Schwenkgrill f\u00fcr 20 Personen zus\u00e4tzlich anzubieten, so das auch f\u00fcr 80 Personen gegrillt werden kann.<\/p>\n<p>Sprechen sie uns einfach an.<\/p>\n<p>euer Futsal Club Nettetal e.V.<\/p>\n","protected":false},"excerpt":{"rendered":"<p>Sehr geehrte Mitglieder, sehr geehrte Sportsfreunde, sehr geehrte G\u00e4ste, gerne verleiht der Futsal Club Nettetal e.V. Festzelt Pavillion &#8211; 4 x 8 Meter\u00a0 &#8211; 32 qm f\u00fcr 40,00 Euro f\u00fcr 3 Tage zu vermieten. Bayrische 2er Sitzb\u00e4nke inklusive Tische f\u00fcr 16 Personen gegen eine Spende von 30,00 Euro f\u00fcr 3 Tage. Desweiteren verleihen wir 6 &hellip; <a href=\"https:\/\/fcnettetal.com\/?page_id=1652\" class=\"more-link\"><span class=\"screen-reader-text\">Verleih<\/span> weiterlesen <span class=\"meta-nav\">&rarr;<\/span><\/a><\/p>\n","protected":false},"author":2,"featured_media":162,"parent":0,"menu_order":8,"comment_status":"closed","ping_status":"closed","template":"","meta":{"footnotes":""},"class_list":["post-1652","page","type-page","status-publish","has-post-thumbnail","hentry"],"_links":{"self":[{"href":"https:\/\/fcnettetal.com\/index.php?rest_route=\/wp\/v2\/pages\/1652","targetHints":{"allow":["GET"]}}],"collection":[{"href":"https:\/\/fcnettetal.com\/index.php?rest_route=\/wp\/v2\/pages"}],"about":[{"href":"https:\/\/fcnettetal.com\/index.php?rest_route=\/wp\/v2\/types\/page"}],"author":[{"embeddable":true,"href":"https:\/\/fcnettetal.com\/index.php?rest_route=\/wp\/v2\/users\/2"}],"replies":[{"embeddable":true,"href":"https:\/\/fcnettetal.com\/index.php?rest_route=%2Fwp%2Fv2%2Fcomments&post=1652"}],"version-history":[{"count":0,"href":"https:\/\/fcnettetal.com\/index.php?rest_route=\/wp\/v2\/pages\/1652\/revisions"}],"wp:featuredmedia":[{"embeddable":true,"href":"https:\/\/fcnettetal.com\/index.php?rest_route=\/wp\/v2\/media\/162"}],"wp:attachment":[{"href":"https:\/\/fcnettetal.com\/index.php?rest_route=%2Fwp%2Fv2%2Fmedia&parent=1652"}],"curies":[{"name":"wp","href":"https:\/\/api.w.org\/{rel}","templated":true}]}}