{"id":36,"date":"2015-02-08T20:50:36","date_gmt":"2015-02-08T20:50:36","guid":{"rendered":"http:\/\/fcnettetal.com\/?page_id=36"},"modified":"2018-06-16T17:45:53","modified_gmt":"2018-06-16T17:45:53","slug":"unsere-philosophie-2","status":"publish","type":"page","link":"https:\/\/fcnettetal.com\/?page_id=36","title":{"rendered":"Unsere Philosophie"},"content":{"rendered":"<p>Wir sind ein gemeinn\u00fctziger Verein, welcher sich am 21.12.2012\u00a0 gegr\u00fcndet hat und sich seit der Gr\u00fcndung sozialen sportlichen Zwecken widmet\u00a0 und aus momentan 38 Mitgliedern besteht.<\/p>\n<p>Der Vorstand, wie auch die Mitglieder unseres Futsal\u00a0 Spielbetriebes f\u00fchlen sich in der Pflicht,\u00a0 an sozialen Brennpunkten mitzuwirken und sich Kinder, Jugendlichen wie auch jungen Erwachsenen anzunehmen, wie auch in den Spielbetrieb zu integrieren.<\/p>\n<p>Wir betreiben aktiven Hallenfussball und bei uns spielen Jugendliche, die teils sehr guten Fu\u00dfball spielen, andererseits Jugendliche welche mit erheblichen Problemen mit der Grob- und Feinmotorik oder andere k\u00f6rperlich bedingte Nachteilen zu k\u00e4mpfen haben.<\/p>\n<p>Manche sind aus Fussballvereinen ausgetreten, da sie nicht dem Leistungsverm\u00f6gen der jeweiligen Vereinsjugend entsprachen oder sie haben nie vereinsm\u00e4ssig Fussball gespielt.<\/p>\n<p>Unser Verein hat sich deshalb gegr\u00fcndet, diesen Kindern welche Spa\u00df am Sport haben &#8211; auch die Aus\u00fcbung ihrer gew\u00e4hlten Sportart zu erm\u00f6glichen ohne die Kindern unter Dauerdruck zu setzen und sie jeweils in ihren St\u00e4rken zu f\u00f6rdern.<\/p>\n<p>Leider haben viele Jugendliche heutzutage ihre Konsuminseln und verbringen ihre Freizeit im Sitzen mit Laptops, Computer, Spielkonsolen und Handys und treiben immer weniger Sport und drehen dem Vereinsleben den R\u00fccken zu.<\/p>\n<p>Wir versuchen diese Kinder wieder f\u00fcr Sport zu begeistern.<br \/>\nUnser Bestreben ist es langfristig so viele Kinder wie m\u00f6glich zu aktivieren und ihre St\u00e4rken zu unterst\u00fctzen, sowie in Bezug auf Teamf\u00e4higkeit, soziale Kompetenz, verbunden mit sportlichen Anreizen langfristig ein solides Fundament im Jugendbereich aufzubauen.<\/p>\n<p>Wir sind als Verein dem\u00a0 Fu\u00dfballverband Niederrhein e.V angeschlossen.<\/p>\n<p>Wir arbeiten mit dem Nettetaler Jugendzentrum &#8222;Arche&#8220; und bei gewissen Projekten auch mit der Stadt Nettetal und Nettetalern Streetworkern zusammen.<\/p>\n<p>Desweiteren veranstalten wir auch Sommersportfeste, an denen wir mit den Familien und den Kindern feiern und zelten und am Lagerfeuer mit Stockbrot gem\u00fctliche Abende verbringen.<\/p>\n<p>Daher ben\u00f6tigen wir auch zahlreiche Mittel um die Jugendarbeit im vollem Umfang aufzubauen und einen geordneten und leistungsf\u00e4higen Trainingsbetrieb zu gew\u00e4hrleisten.<\/p>\n<p>Unsere Nettetaler Kinder haben es verdient gef\u00f6rdert zu werden.<\/p>\n<blockquote><p><strong>Bei uns kommt es auch nicht auf den Pass an, sondern die P\u00e4sse sind wichtig.<\/strong><\/p><\/blockquote>\n<p>Falls wir ihr bzw. euer Interesse oder das eures Kindes am Hallenfussball geweckt haben, nehmen sie einfach Kontakt zu uns auf, damit es einfach 4 Wochen lang unsere Sportart testen kann.<\/p>\n<p>Wir haben nat\u00fcrlich auch eine Seniorenabteilung, wo auch die Senioren unsere Sportart 4 Wochen lang testen k\u00f6nnen.<\/p>\n<p>euer Futsal Club Nettetal e.V.<\/p>\n<p><img loading=\"lazy\" decoding=\"async\" class=\"wp-image-1011 alignleft\" src=\"https:\/\/fcnettetal.com\/wp-content\/uploads\/2015\/02\/cropped-Futsal-Club-Nettetal-600x600.jpg\" alt=\"\" width=\"337\" height=\"337\" srcset=\"https:\/\/fcnettetal.com\/wp-content\/uploads\/2015\/02\/cropped-Futsal-Club-Nettetal-600x600.jpg 600w, https:\/\/fcnettetal.com\/wp-content\/uploads\/2015\/02\/cropped-Futsal-Club-Nettetal-300x300.jpg 300w, https:\/\/fcnettetal.com\/wp-content\/uploads\/2015\/02\/cropped-Futsal-Club-Nettetal-1022x1024.jpg 1022w, https:\/\/fcnettetal.com\/wp-content\/uploads\/2015\/02\/cropped-Futsal-Club-Nettetal.jpg 1260w\" sizes=\"auto, (max-width: 337px) 100vw, 337px\" \/><\/p>\n","protected":false},"excerpt":{"rendered":"<p>Wir sind ein gemeinn\u00fctziger Verein, welcher sich am 21.12.2012\u00a0 gegr\u00fcndet hat und sich seit der Gr\u00fcndung sozialen sportlichen Zwecken widmet\u00a0 und aus momentan 38 Mitgliedern besteht. Der Vorstand, wie auch die Mitglieder unseres Futsal\u00a0 Spielbetriebes f\u00fchlen sich in der Pflicht,\u00a0 an sozialen Brennpunkten mitzuwirken und sich Kinder, Jugendlichen wie auch jungen Erwachsenen anzunehmen, wie auch &hellip; <a href=\"https:\/\/fcnettetal.com\/?page_id=36\" class=\"more-link\"><span class=\"screen-reader-text\">Unsere Philosophie<\/span> weiterlesen <span class=\"meta-nav\">&rarr;<\/span><\/a><\/p>\n","protected":false},"author":2,"featured_media":0,"parent":20,"menu_order":0,"comment_status":"closed","ping_status":"closed","template":"","meta":{"footnotes":""},"class_list":["post-36","page","type-page","status-publish","hentry"],"_links":{"self":[{"href":"https:\/\/fcnettetal.com\/index.php?rest_route=\/wp\/v2\/pages\/36","targetHints":{"allow":["GET"]}}],"collection":[{"href":"https:\/\/fcnettetal.com\/index.php?rest_route=\/wp\/v2\/pages"}],"about":[{"href":"https:\/\/fcnettetal.com\/index.php?rest_route=\/wp\/v2\/types\/page"}],"author":[{"embeddable":true,"href":"https:\/\/fcnettetal.com\/index.php?rest_route=\/wp\/v2\/users\/2"}],"replies":[{"embeddable":true,"href":"https:\/\/fcnettetal.com\/index.php?rest_route=%2Fwp%2Fv2%2Fcomments&post=36"}],"version-history":[{"count":0,"href":"https:\/\/fcnettetal.com\/index.php?rest_route=\/wp\/v2\/pages\/36\/revisions"}],"up":[{"embeddable":true,"href":"https:\/\/fcnettetal.com\/index.php?rest_route=\/wp\/v2\/pages\/20"}],"wp:attachment":[{"href":"https:\/\/fcnettetal.com\/index.php?rest_route=%2Fwp%2Fv2%2Fmedia&parent=36"}],"curies":[{"name":"wp","href":"https:\/\/api.w.org\/{rel}","templated":true}]}}