{"id":45,"date":"2012-12-21T19:00:00","date_gmt":"2012-12-21T19:00:00","guid":{"rendered":"http:\/\/fcnettetal.com\/?page_id=45"},"modified":"2015-02-09T10:41:03","modified_gmt":"2015-02-09T10:41:03","slug":"futsal","status":"publish","type":"page","link":"https:\/\/fcnettetal.com\/?page_id=45","title":{"rendered":"Infos \u00fcber Futsal"},"content":{"rendered":"<p>Auf dieser Seite stelle ich Ihnen alle Infos \u00fcber Futsal zur Verf\u00fcgung.<\/p>\n<p>Falls sie Fragen zu den Infos haben, k\u00f6nnen sie uns jederzeit kontaktieren.<\/p>\n<p>Ihr Futsal Club Nettetal e.V.<\/p>\n<p><a href=\"https:\/\/fcnettetal.com\/wp-content\/uploads\/2015\/02\/Wappen-2012-e1423426492417.png\"><img loading=\"lazy\" decoding=\"async\" class=\"  wp-image-4 alignleft\" src=\"https:\/\/fcnettetal.com\/wp-content\/uploads\/2015\/02\/Wappen-2012-300x296.png\" alt=\"Wappen 2012\" width=\"221\" height=\"218\" \/><\/a>Futsal Club Nettetal e.V.<br \/>\nBahnhofstr. 8a<br \/>\nPostfach 21 07<br \/>\n41308 Nettetal<\/p>\n<p style=\"padding-left: 90px;\">Tel.: 02157 \u2013 810 48 66<br \/>\nFax: 02157 \u2013 810 48 67<br \/>\nMobil: 0152 \u2013 33 66 44 50<br \/>\nMail: <a href=\"mailto:\/\/info@futsalclubnettetal.de\">info@futsalclubnettetal.de<\/a><\/p>\n","protected":false},"excerpt":{"rendered":"<p>Auf dieser Seite stelle ich Ihnen alle Infos \u00fcber Futsal zur Verf\u00fcgung. Falls sie Fragen zu den Infos haben, k\u00f6nnen sie uns jederzeit kontaktieren. Ihr Futsal Club Nettetal e.V. Futsal Club Nettetal e.V. Bahnhofstr. 8a Postfach 21 07 41308 Nettetal Tel.: 02157 \u2013 810 48 66 Fax: 02157 \u2013 810 48 67 Mobil: 0152 \u2013 &hellip; <a href=\"https:\/\/fcnettetal.com\/?page_id=45\" class=\"more-link\"><span class=\"screen-reader-text\">Infos \u00fcber Futsal<\/span> weiterlesen <span class=\"meta-nav\">&rarr;<\/span><\/a><\/p>\n","protected":false},"author":2,"featured_media":0,"parent":43,"menu_order":0,"comment_status":"closed","ping_status":"closed","template":"","meta":{"footnotes":""},"class_list":["post-45","page","type-page","status-publish","hentry"],"_links":{"self":[{"href":"https:\/\/fcnettetal.com\/index.php?rest_route=\/wp\/v2\/pages\/45","targetHints":{"allow":["GET"]}}],"collection":[{"href":"https:\/\/fcnettetal.com\/index.php?rest_route=\/wp\/v2\/pages"}],"about":[{"href":"https:\/\/fcnettetal.com\/index.php?rest_route=\/wp\/v2\/types\/page"}],"author":[{"embeddable":true,"href":"https:\/\/fcnettetal.com\/index.php?rest_route=\/wp\/v2\/users\/2"}],"replies":[{"embeddable":true,"href":"https:\/\/fcnettetal.com\/index.php?rest_route=%2Fwp%2Fv2%2Fcomments&post=45"}],"version-history":[{"count":0,"href":"https:\/\/fcnettetal.com\/index.php?rest_route=\/wp\/v2\/pages\/45\/revisions"}],"up":[{"embeddable":true,"href":"https:\/\/fcnettetal.com\/index.php?rest_route=\/wp\/v2\/pages\/43"}],"wp:attachment":[{"href":"https:\/\/fcnettetal.com\/index.php?rest_route=%2Fwp%2Fv2%2Fmedia&parent=45"}],"curies":[{"name":"wp","href":"https:\/\/api.w.org\/{rel}","templated":true}]}}