{"id":49,"date":"2012-12-21T19:00:14","date_gmt":"2012-12-21T19:00:14","guid":{"rendered":"http:\/\/fcnettetal.com\/?page_id=49"},"modified":"2017-06-11T16:23:56","modified_gmt":"2017-06-11T16:23:56","slug":"unsere-trainingszeiten","status":"publish","type":"page","link":"https:\/\/fcnettetal.com\/?page_id=49","title":{"rendered":"Unser Trainingsziel bei der Jugend"},"content":{"rendered":"<p>&nbsp;<\/p>\n<p>Es ist im Jugendbereich unser Ziel die Kinder welche Probleme mit der Grob- und Feinmotorik oder andere k\u00f6rperlich bedingte Nachteil haben in ihren St\u00e4rken zu f\u00f6rdern, ohne die Kindern unter Dauerdruck zu setzen.<\/p>\n<p>Es ist unser Ziel Kinder welche keine k\u00f6rperlichen Probleme haben in ihrer Technik zu verbessern und zu f\u00f6rdern.<\/p>\n<p>Es ist unser Ziel viele Jugendliche f\u00fcr unseren Hallenfussball zu begeistern und das sie Spiel, Spass und Sport in der Gemeinschaft erleben wollen.<\/p>\n<p>Unser Bestreben ist es langfristig so viele Kinder wie m\u00f6glich zu aktivieren und ihre St\u00e4rken zu unterst\u00fctzen, sowie in Bezug auf Teamf\u00e4higkeit, soziale Kompetenz, verbunden mit sportlichen Anreizen langfristig ein solides Fundament im Jugendbereich aufzubauen.<\/p>\n<blockquote><p><strong>Bei uns kommt es auch nicht auf den Pass an, sondern die P\u00e4sse sind wichtig.<\/strong><\/p><\/blockquote>\n<p>Falls wir ihr bzw. euer Interesse oder das eures Kindes am Hallenfussball geweckt haben, nehmen sie einfach Kontakt zu uns auf, damit es einfach 4 Wochen lang unsere Sportart testen kann.<\/p>\n<p>Wir haben nat\u00fcrlich auch eine Seniorenabteilung, wo auch die Senioren unsere Sportart 4 Wochen lang testen k\u00f6nnen.<\/p>\n<p>euer Futsal Club Nettetal e.V.<\/p>\n<p style=\"text-align: left;\"><img loading=\"lazy\" decoding=\"async\" class=\"wp-image-1011 alignleft\" src=\"https:\/\/fcnettetal.com\/wp-content\/uploads\/2015\/02\/cropped-Futsal-Club-Nettetal-600x600.jpg\" alt=\"\" width=\"337\" height=\"337\" srcset=\"https:\/\/fcnettetal.com\/wp-content\/uploads\/2015\/02\/cropped-Futsal-Club-Nettetal-600x600.jpg 600w, https:\/\/fcnettetal.com\/wp-content\/uploads\/2015\/02\/cropped-Futsal-Club-Nettetal-300x300.jpg 300w, https:\/\/fcnettetal.com\/wp-content\/uploads\/2015\/02\/cropped-Futsal-Club-Nettetal-1022x1024.jpg 1022w, https:\/\/fcnettetal.com\/wp-content\/uploads\/2015\/02\/cropped-Futsal-Club-Nettetal.jpg 1260w\" sizes=\"auto, (max-width: 337px) 100vw, 337px\" \/><\/p>\n","protected":false},"excerpt":{"rendered":"<p>&nbsp; Es ist im Jugendbereich unser Ziel die Kinder welche Probleme mit der Grob- und Feinmotorik oder andere k\u00f6rperlich bedingte Nachteil haben in ihren St\u00e4rken zu f\u00f6rdern, ohne die Kindern unter Dauerdruck zu setzen. Es ist unser Ziel Kinder welche keine k\u00f6rperlichen Probleme haben in ihrer Technik zu verbessern und zu f\u00f6rdern. Es ist unser &hellip; <a href=\"https:\/\/fcnettetal.com\/?page_id=49\" class=\"more-link\"><span class=\"screen-reader-text\">Unser Trainingsziel bei der Jugend<\/span> weiterlesen <span class=\"meta-nav\">&rarr;<\/span><\/a><\/p>\n","protected":false},"author":2,"featured_media":0,"parent":43,"menu_order":1,"comment_status":"closed","ping_status":"closed","template":"","meta":{"footnotes":""},"class_list":["post-49","page","type-page","status-publish","hentry"],"_links":{"self":[{"href":"https:\/\/fcnettetal.com\/index.php?rest_route=\/wp\/v2\/pages\/49","targetHints":{"allow":["GET"]}}],"collection":[{"href":"https:\/\/fcnettetal.com\/index.php?rest_route=\/wp\/v2\/pages"}],"about":[{"href":"https:\/\/fcnettetal.com\/index.php?rest_route=\/wp\/v2\/types\/page"}],"author":[{"embeddable":true,"href":"https:\/\/fcnettetal.com\/index.php?rest_route=\/wp\/v2\/users\/2"}],"replies":[{"embeddable":true,"href":"https:\/\/fcnettetal.com\/index.php?rest_route=%2Fwp%2Fv2%2Fcomments&post=49"}],"version-history":[{"count":0,"href":"https:\/\/fcnettetal.com\/index.php?rest_route=\/wp\/v2\/pages\/49\/revisions"}],"up":[{"embeddable":true,"href":"https:\/\/fcnettetal.com\/index.php?rest_route=\/wp\/v2\/pages\/43"}],"wp:attachment":[{"href":"https:\/\/fcnettetal.com\/index.php?rest_route=%2Fwp%2Fv2%2Fmedia&parent=49"}],"curies":[{"name":"wp","href":"https:\/\/api.w.org\/{rel}","templated":true}]}}