{"id":67,"date":"2015-02-08T21:30:57","date_gmt":"2015-02-08T21:30:57","guid":{"rendered":"http:\/\/fcnettetal.com\/?page_id=67"},"modified":"2018-03-26T11:25:37","modified_gmt":"2018-03-26T11:25:37","slug":"jugend","status":"publish","type":"page","link":"https:\/\/fcnettetal.com\/?page_id=67","title":{"rendered":"Dokumente &#8211; Jugend"},"content":{"rendered":"<p style=\"text-align: left;\">Auf dieser Seite finden sie alle Dokumente zum Anmelden ihres Sohnes bzw ihrer Tochter beim Futsal Club Nettetal e.V.<br \/>\nSie k\u00f6nnen alles bequem herunterladen und in Ruhe studieren.<br \/>\nDie Erkl\u00e4rungen f\u00fcr die Eltern m\u00fcssen auch heruntergeladen und unterschrieben werden.<br \/>\nDie Satzung des Vereins finden sie unter der Rubrik Satzung auf unserer Webseite.<\/p>\n<p style=\"text-align: left;\">An Aktionstagen machen wir auch etwas im Bereich gemeinsamer Freizeitgestaltung.<br \/>\nSollte das der Fall sein, m\u00fcssen diese Unterlagen auch unterschrieben werden.<\/p>\n<p>F\u00fcr den normalen Sportbetrieb brauchen wir diese Unterlagen jedoch nicht.<\/p>\n<p style=\"text-align: left;\"><span style=\"color: #0000ff;\"><strong>\u00a0\u00a0\u00a0\u00a0\u00a0\u00a0\u00a0\u00a0\u00a0\u00a0\u00a0\u00a0\u00a0\u00a0\u00a0\u00a0\u00a0\u00a0\u00a0\u00a0\u00a0\u00a0\u00a0\u00a0\u00a0\u00a0\u00a0\u00a0\u00a0 \u00a0 \u00a0 \u00a0\u00a0 \u00a0<\/strong><\/span> <span style=\"text-decoration: underline; color: #0000ff;\"><strong><span style=\"text-decoration: underline;\">Unterlagen f\u00fcr die Mitgliedschaft im Verein<\/span> <\/strong><\/span><\/p>\n<p style=\"padding-left: 90px;\"><a href=\"https:\/\/fcnettetal.com\/wp-content\/uploads\/2016\/04\/Infos-\u00fcber-Futsal-Junioren.pdf\" target=\"_blank\" rel=\"noopener\">&gt;&gt;&gt;\u00a0\u00a0\u00a0 Infos \u00fcber Futsal<\/a><a href=\"https:\/\/fcnettetal.com\/wp-content\/uploads\/2016\/04\/Antrag-Mitgliedschaft-Junioren-Futsal.pdf\" target=\"_blank\" rel=\"noopener\"><br \/>\n&gt;&gt;&gt;\u00a0\u00a0\u00a0 Antrag Mitgliedschaft &#8211; Junioren &#8211; Futsal<br \/>\n<\/a><a href=\"https:\/\/fcnettetal.com\/wp-content\/uploads\/2016\/04\/Aufsichtserkl\u00e4rung.pdf\" target=\"_blank\" rel=\"noopener\">&gt;&gt;&gt;\u00a0\u00a0\u00a0 Aufsichtserkl\u00e4rung<\/a><br \/>\n<a href=\"https:\/\/fcnettetal.com\/wp-content\/uploads\/2016\/04\/Datenschutzerkl\u00e4rung.pdf\" target=\"_blank\" rel=\"noopener\">&gt;&gt;&gt;\u00a0\u00a0\u00a0 Einwilligung Fotos und Videoaufzeichnungen<br \/>\n&gt;&gt;&gt;\u00a0\u00a0\u00a0 Datenschutzerkl\u00e4rung<br \/>\n<\/a><a href=\"https:\/\/fcnettetal.com\/?page_id=73\">&gt;&gt;&gt;\u00a0\u00a0\u00a0 K\u00fcndigung der Mitgliedschaft<\/a><\/p>\n<p><strong>\u00a0\u00a0 \u00a0 \u00a0 \u00a0 \u00a0 \u00a0 \u00a0 \u00a0 \u00a0 \u00a0 \u00a0 \u00a0\u00a0<\/strong> <span style=\"text-decoration: underline; color: #0000ff;\"><strong><span style=\"text-decoration: underline;\">Unterlagen bei gemeinsamer Freizeitgestaltung<\/span><\/strong><\/span><\/p>\n<p style=\"padding-left: 90px;\"><a href=\"https:\/\/fcnettetal.com\/wp-content\/uploads\/2016\/04\/Einverst\u00e4ndniserkl\u00e4rung-Freizeitgestaltung.pdf\" target=\"_blank\" rel=\"noopener\">&gt;&gt;&gt;\u00a0\u00a0\u00a0 Einverst\u00e4ndniserkl\u00e4rung Freizeitgestaltung<\/a><br \/>\n<a href=\"https:\/\/fcnettetal.com\/wp-content\/uploads\/2016\/04\/Einwilligung-zur-Schwimmaktivit\u00e4t-bei-Freizeitveranstaltungen.pdf\" target=\"_blank\" rel=\"noopener\">&gt;&gt;&gt;\u00a0\u00a0\u00a0 Einwilligung zum Schwimmen<\/a><br \/>\n<a href=\"https:\/\/fcnettetal.com\/wp-content\/uploads\/2016\/04\/Gesundheitsfragebogen.pdf\" target=\"_blank\" rel=\"noopener\">&gt;&gt;&gt;\u00a0\u00a0\u00a0 Gesundheitsfragebogen<\/a><\/p>\n<p style=\"text-align: left;\">Falls sie noch Fragen oder Anregungen haben, stehe ich ihnen gerne zur Verf\u00fcgung.<\/p>\n<p style=\"text-align: left;\">Ihr Thomas Vernholz<\/p>\n<p style=\"text-align: center;\"><strong>1. Vorsitzender &amp; sportlicher Leiter<br \/>\n<\/strong><\/p>\n<p><img loading=\"lazy\" decoding=\"async\" class=\"aligncenter size-medium wp-image-1546\" src=\"https:\/\/fcnettetal.com\/wp-content\/uploads\/2015\/04\/comp_Passbild-21-744x496.jpg\" alt=\"comp_Passbild 2\" width=\"744\" height=\"496\" srcset=\"https:\/\/fcnettetal.com\/wp-content\/uploads\/2015\/04\/comp_Passbild-21-744x496.jpg 744w, https:\/\/fcnettetal.com\/wp-content\/uploads\/2015\/04\/comp_Passbild-21-420x280.jpg 420w, https:\/\/fcnettetal.com\/wp-content\/uploads\/2015\/04\/comp_Passbild-21-1200x800.jpg 1200w, https:\/\/fcnettetal.com\/wp-content\/uploads\/2015\/04\/comp_Passbild-21.jpg 1920w\" sizes=\"auto, (max-width: 744px) 100vw, 744px\" \/><\/p>\n<p>Thomas Vernholz<br \/>\nBahnhofstr. 8a<br \/>\nPostfach 21 07<br \/>\n41308 Nettetal<\/p>\n<p>Tel.: 02157 \u2013 810 48 66<br \/>\nFax: 02157 \u2013 810 48 67<br \/>\nMobil: 0152 \u2013 33 66 44 50<br \/>\nE-Mail: <a href=\"mailto:T.Vernholz@FCNettetal.com\">T.Vernholz@FCNettetal.com\u00a0\u00a0<\/a><\/p>\n<hr \/>\n<p><img loading=\"lazy\" decoding=\"async\" class=\"wp-image-1011 alignleft\" src=\"https:\/\/fcnettetal.com\/wp-content\/uploads\/2015\/02\/cropped-Futsal-Club-Nettetal-600x600.jpg\" alt=\"\" width=\"337\" height=\"337\" srcset=\"https:\/\/fcnettetal.com\/wp-content\/uploads\/2015\/02\/cropped-Futsal-Club-Nettetal-600x600.jpg 600w, https:\/\/fcnettetal.com\/wp-content\/uploads\/2015\/02\/cropped-Futsal-Club-Nettetal-300x300.jpg 300w, https:\/\/fcnettetal.com\/wp-content\/uploads\/2015\/02\/cropped-Futsal-Club-Nettetal-1022x1024.jpg 1022w, https:\/\/fcnettetal.com\/wp-content\/uploads\/2015\/02\/cropped-Futsal-Club-Nettetal.jpg 1260w\" sizes=\"auto, (max-width: 337px) 100vw, 337px\" \/><\/p>\n","protected":false},"excerpt":{"rendered":"<p>Auf dieser Seite finden sie alle Dokumente zum Anmelden ihres Sohnes bzw ihrer Tochter beim Futsal Club Nettetal e.V. Sie k\u00f6nnen alles bequem herunterladen und in Ruhe studieren. Die Erkl\u00e4rungen f\u00fcr die Eltern m\u00fcssen auch heruntergeladen und unterschrieben werden. Die Satzung des Vereins finden sie unter der Rubrik Satzung auf unserer Webseite. An Aktionstagen machen &hellip; <a href=\"https:\/\/fcnettetal.com\/?page_id=67\" class=\"more-link\"><span class=\"screen-reader-text\">Dokumente &#8211; Jugend<\/span> weiterlesen <span class=\"meta-nav\">&rarr;<\/span><\/a><\/p>\n","protected":false},"author":2,"featured_media":0,"parent":27,"menu_order":0,"comment_status":"closed","ping_status":"closed","template":"","meta":{"footnotes":""},"class_list":["post-67","page","type-page","status-publish","hentry"],"_links":{"self":[{"href":"https:\/\/fcnettetal.com\/index.php?rest_route=\/wp\/v2\/pages\/67","targetHints":{"allow":["GET"]}}],"collection":[{"href":"https:\/\/fcnettetal.com\/index.php?rest_route=\/wp\/v2\/pages"}],"about":[{"href":"https:\/\/fcnettetal.com\/index.php?rest_route=\/wp\/v2\/types\/page"}],"author":[{"embeddable":true,"href":"https:\/\/fcnettetal.com\/index.php?rest_route=\/wp\/v2\/users\/2"}],"replies":[{"embeddable":true,"href":"https:\/\/fcnettetal.com\/index.php?rest_route=%2Fwp%2Fv2%2Fcomments&post=67"}],"version-history":[{"count":0,"href":"https:\/\/fcnettetal.com\/index.php?rest_route=\/wp\/v2\/pages\/67\/revisions"}],"up":[{"embeddable":true,"href":"https:\/\/fcnettetal.com\/index.php?rest_route=\/wp\/v2\/pages\/27"}],"wp:attachment":[{"href":"https:\/\/fcnettetal.com\/index.php?rest_route=%2Fwp%2Fv2%2Fmedia&parent=67"}],"curies":[{"name":"wp","href":"https:\/\/api.w.org\/{rel}","templated":true}]}}