{"id":71,"date":"2015-02-08T21:31:24","date_gmt":"2015-02-08T21:31:24","guid":{"rendered":"http:\/\/fcnettetal.com\/?page_id=71"},"modified":"2017-06-11T16:26:54","modified_gmt":"2017-06-11T16:26:54","slug":"jobcenter","status":"publish","type":"page","link":"https:\/\/fcnettetal.com\/?page_id=71","title":{"rendered":"Dokumente &#8211; Jobcenter"},"content":{"rendered":"<p>Auf dieser Seite stelle ich Ihnen alle Dokumente zum Beantragen des Bildungspaketes zur Verf\u00fcgung.<\/p>\n<p>Die Empf\u00e4nger von Arbeitslosengeld II, Wohngeldempf\u00e4nger und Hartz IV Empf\u00e4nger bekommen die Mitgliedsbeitr\u00e4ge aus dem Bildungspaket bezahlt.<\/p>\n<p>Das heisst diese Familie haben keinerlei Kosten und die Beitr\u00e4ge werden vom Jobcenter \u00fcbernommen.<\/p>\n<p>Zus\u00e4tzlich stelle ich Ihnen auch den Antrag zur Lernf\u00f6rderung zur Verf\u00fcgung.<\/p>\n<p><a href=\"http:\/\/www.arbeitsagentur.de\/web\/wcm\/idc\/groups\/public\/documents\/webdatei\/mdaw\/mdk5\/~edisp\/l6019022dstbai394715.pdf?_ba.sid=L6019022DSTBAI394718\" target=\"_blank\" rel=\"noopener\">&gt;&gt;&gt;\u00a0\u00a0\u00a0 Info zum Bildungspaket<\/a><\/p>\n<p><a href=\"https:\/\/fcnettetal.com\/wp-content\/uploads\/2015\/02\/Antrag-auf-Leistung-f\u00fcr-Bildung-und-Teilhabe-Grundantrag.pdf\" target=\"_blank\" rel=\"noopener\">&gt;&gt;&gt;\u00a0\u00a0\u00a0 Antrag auf Leistung f\u00fcr Bildung und Teilhabe &#8211; Grundantrag<br \/>\n<\/a><a href=\"https:\/\/fcnettetal.com\/wp-content\/uploads\/2015\/02\/Zusatzblatt-soziale-und-kulturelle-Teilhabe.pdf\" target=\"_blank\" rel=\"noopener\">&gt;&gt;&gt;\u00a0\u00a0 Zusatzblatt soziale und kulturelle Teilhabe<\/a><br \/>\n<a href=\"https:\/\/fcnettetal.com\/wp-content\/uploads\/2015\/02\/Antrag-auf-Leistung-f\u00fcr-Bildung-und-Teilhabe-Lernf\u00f6rderung.pdf\" target=\"_blank\" rel=\"noopener\">&gt;&gt;&gt;\u00a0\u00a0 Antrag auf Leistung f\u00fcr Bildung und Teilhabe &#8211; Lernf\u00f6rderung<\/a><\/p>\n<p>Falls sie Fragen zu unserem Verein oder zu den Vertr\u00e4gen oder dem Bildungspaket haben, k\u00f6nnen sie mich jederzeit kontaktieren.<\/p>\n<p>Ich bin Ihnen auch jederzeit beim Ausf\u00fcllen von Antr\u00e4gen behilflich.<\/p>\n<p>Ihr Thomas Vernholz<\/p>\n<p style=\"text-align: center;\"><strong>1. Vorsitzender &amp; sportlicher Leiter<br \/>\n<\/strong><\/p>\n<p><img loading=\"lazy\" decoding=\"async\" class=\"aligncenter size-medium wp-image-1546\" src=\"https:\/\/fcnettetal.com\/wp-content\/uploads\/2015\/04\/comp_Passbild-21-744x496.jpg\" alt=\"comp_Passbild 2\" width=\"744\" height=\"496\" srcset=\"https:\/\/fcnettetal.com\/wp-content\/uploads\/2015\/04\/comp_Passbild-21-744x496.jpg 744w, https:\/\/fcnettetal.com\/wp-content\/uploads\/2015\/04\/comp_Passbild-21-420x280.jpg 420w, https:\/\/fcnettetal.com\/wp-content\/uploads\/2015\/04\/comp_Passbild-21-1200x800.jpg 1200w, https:\/\/fcnettetal.com\/wp-content\/uploads\/2015\/04\/comp_Passbild-21.jpg 1920w\" sizes=\"auto, (max-width: 744px) 100vw, 744px\" \/><\/p>\n<p>Thomas Vernholz<br \/>\nBahnhofstr. 8a<br \/>\nPostfach 21 07<br \/>\n41308 Nettetal<\/p>\n<p>Tel.: 02157 \u2013 810 48 66<br \/>\nFax: 02157 \u2013 810 48 67<br \/>\nMobil: 0152 \u2013 33 66 44 50<br \/>\nE-Mail: <a href=\"mailto:T.Vernholz@FCNettetal.com\">T.Vernholz@FCNettetal.com<\/a><\/p>\n<hr \/>\n<p><img loading=\"lazy\" decoding=\"async\" class=\"wp-image-1011 alignleft\" src=\"https:\/\/fcnettetal.com\/wp-content\/uploads\/2015\/02\/cropped-Futsal-Club-Nettetal-600x600.jpg\" alt=\"\" width=\"337\" height=\"337\" srcset=\"https:\/\/fcnettetal.com\/wp-content\/uploads\/2015\/02\/cropped-Futsal-Club-Nettetal-600x600.jpg 600w, https:\/\/fcnettetal.com\/wp-content\/uploads\/2015\/02\/cropped-Futsal-Club-Nettetal-300x300.jpg 300w, https:\/\/fcnettetal.com\/wp-content\/uploads\/2015\/02\/cropped-Futsal-Club-Nettetal-1022x1024.jpg 1022w, https:\/\/fcnettetal.com\/wp-content\/uploads\/2015\/02\/cropped-Futsal-Club-Nettetal.jpg 1260w\" sizes=\"auto, (max-width: 337px) 100vw, 337px\" \/><\/p>\n","protected":false},"excerpt":{"rendered":"<p>Auf dieser Seite stelle ich Ihnen alle Dokumente zum Beantragen des Bildungspaketes zur Verf\u00fcgung. Die Empf\u00e4nger von Arbeitslosengeld II, Wohngeldempf\u00e4nger und Hartz IV Empf\u00e4nger bekommen die Mitgliedsbeitr\u00e4ge aus dem Bildungspaket bezahlt. Das heisst diese Familie haben keinerlei Kosten und die Beitr\u00e4ge werden vom Jobcenter \u00fcbernommen. Zus\u00e4tzlich stelle ich Ihnen auch den Antrag zur Lernf\u00f6rderung zur &hellip; <a href=\"https:\/\/fcnettetal.com\/?page_id=71\" class=\"more-link\"><span class=\"screen-reader-text\">Dokumente &#8211; Jobcenter<\/span> weiterlesen <span class=\"meta-nav\">&rarr;<\/span><\/a><\/p>\n","protected":false},"author":2,"featured_media":0,"parent":27,"menu_order":3,"comment_status":"closed","ping_status":"closed","template":"","meta":{"footnotes":""},"class_list":["post-71","page","type-page","status-publish","hentry"],"_links":{"self":[{"href":"https:\/\/fcnettetal.com\/index.php?rest_route=\/wp\/v2\/pages\/71","targetHints":{"allow":["GET"]}}],"collection":[{"href":"https:\/\/fcnettetal.com\/index.php?rest_route=\/wp\/v2\/pages"}],"about":[{"href":"https:\/\/fcnettetal.com\/index.php?rest_route=\/wp\/v2\/types\/page"}],"author":[{"embeddable":true,"href":"https:\/\/fcnettetal.com\/index.php?rest_route=\/wp\/v2\/users\/2"}],"replies":[{"embeddable":true,"href":"https:\/\/fcnettetal.com\/index.php?rest_route=%2Fwp%2Fv2%2Fcomments&post=71"}],"version-history":[{"count":0,"href":"https:\/\/fcnettetal.com\/index.php?rest_route=\/wp\/v2\/pages\/71\/revisions"}],"up":[{"embeddable":true,"href":"https:\/\/fcnettetal.com\/index.php?rest_route=\/wp\/v2\/pages\/27"}],"wp:attachment":[{"href":"https:\/\/fcnettetal.com\/index.php?rest_route=%2Fwp%2Fv2%2Fmedia&parent=71"}],"curies":[{"name":"wp","href":"https:\/\/api.w.org\/{rel}","templated":true}]}}