{"id":73,"date":"2015-02-08T21:32:27","date_gmt":"2015-02-08T21:32:27","guid":{"rendered":"http:\/\/fcnettetal.com\/?page_id=73"},"modified":"2016-04-24T16:26:21","modified_gmt":"2016-04-24T16:26:21","slug":"kuendigung","status":"publish","type":"page","link":"https:\/\/fcnettetal.com\/?page_id=73","title":{"rendered":"Vorlage &#8211; K\u00fcndigung"},"content":{"rendered":"<p>Auf dieser Seite stelle ich Ihnen die Vorlage zur K\u00fcndigung unserer Mitgliedschaft zur Verf\u00fcgung.<\/p>\n<p>Ich \u00e4rgere mich auch st\u00e4ndig, das man \u00fcberall leicht Vertr\u00e4ge abschliessen kann, aber wenn es darum geht zu k\u00fcndigen meistens keine Hilfe zu erwarten ist, da man es den Kunden bzw. Mitgliedern so schwer wie m\u00f6glich machen m\u00f6chte um die K\u00fcndigung in die L\u00e4nge zu ziehen.<\/p>\n<p>Das ist f\u00fcr den Futsal Club Nettetal e.V. ein absolutes &#8222;No Go&#8220; und wir gehen einen anderen Weg und erm\u00f6glichen es unseren Mitgliedern sich leicht anzumelden und im Umkehrschluss auch genauso leicht wieder abmelden zu k\u00f6nnen.<\/p>\n<p>Desweiteren stellen wir auch eine Umfrage zur K\u00fcndigung zur Verf\u00fcgung und w\u00fcrden uns freuen, wenn wir auch dieses ausgef\u00fcllt wieder bekommen w\u00fcrden, damit wir ein Feedback erhalten, warum gek\u00fcndigt worden ist.<\/p>\n<p>Falls sie Fragen zu unserem Verein oder zu den Vertr\u00e4gen oder dem Bildungspaket haben, k\u00f6nnen sie mich jederzeit kontaktieren.<\/p>\n<p>Hier die Formulare zum Download:<\/p>\n<p><a href=\"https:\/\/fcnettetal.com\/wp-content\/uploads\/2015\/02\/Vorlage-zur-K\u00fcndigung-der-Mitgliedschaft-Junioren.pdf\" target=\"_blank\">&gt;&gt;&gt;\u00a0 Vorlage zur K\u00fcndigung der Mitgliedschaft &#8211; Junioren<br \/>\n<\/a><a href=\"https:\/\/fcnettetal.com\/wp-content\/uploads\/2015\/02\/Vorlage-zur-K\u00fcndigung-der-Mitgliedschaft-Senioren.pdf\" target=\"_blank\">&gt;&gt;&gt;\u00a0 Vorlage zur K\u00fcndigung der Mitgliedschaft &#8211; Senioren<\/a><a href=\"https:\/\/fcnettetal.com\/wp-content\/uploads\/2016\/04\/Umfrage-zur-K\u00fcndigung.pdf\" target=\"_blank\"><br \/>\n&gt;&gt;&gt;\u00a0 Umfrage zur K\u00fcndigung<\/a><\/p>\n<p><strong>1. Vorsitzender &amp; sportlicher Leiter<br \/>\n<\/strong><\/p>\n<p><img loading=\"lazy\" decoding=\"async\" class=\"aligncenter size-medium wp-image-1546\" src=\"https:\/\/fcnettetal.com\/wp-content\/uploads\/2015\/04\/comp_Passbild-21-744x496.jpg\" sizes=\"auto, (max-width: 744px) 100vw, 744px\" srcset=\"https:\/\/fcnettetal.com\/wp-content\/uploads\/2015\/04\/comp_Passbild-21-420x280.jpg 420w, https:\/\/fcnettetal.com\/wp-content\/uploads\/2015\/04\/comp_Passbild-21-744x496.jpg 744w, https:\/\/fcnettetal.com\/wp-content\/uploads\/2015\/04\/comp_Passbild-21-1200x800.jpg 1200w\" alt=\"comp_Passbild 2\" width=\"744\" height=\"496\" \/><\/p>\n<p>Thomas Vernholz<br \/>\nBahnhofstr. 8a<br \/>\nPostfach 21 07<br \/>\n41308 Nettetal<\/p>\n<p>Tel.: 02157 \u2013 810 48 66<br \/>\nFax: 02157 \u2013 810 48 67<br \/>\nMobil: 0152 \u2013 33 66 44 50<br \/>\nE-Mail: <a href=\"mailto:T.Vernholz@FCNettetal.com\">T.Vernholz@FCNettetal.com<\/a><\/p>\n<hr \/>\n","protected":false},"excerpt":{"rendered":"<p>Auf dieser Seite stelle ich Ihnen die Vorlage zur K\u00fcndigung unserer Mitgliedschaft zur Verf\u00fcgung. Ich \u00e4rgere mich auch st\u00e4ndig, das man \u00fcberall leicht Vertr\u00e4ge abschliessen kann, aber wenn es darum geht zu k\u00fcndigen meistens keine Hilfe zu erwarten ist, da man es den Kunden bzw. Mitgliedern so schwer wie m\u00f6glich machen m\u00f6chte um die K\u00fcndigung &hellip; <a href=\"https:\/\/fcnettetal.com\/?page_id=73\" class=\"more-link\"><span class=\"screen-reader-text\">Vorlage &#8211; K\u00fcndigung<\/span> weiterlesen <span class=\"meta-nav\">&rarr;<\/span><\/a><\/p>\n","protected":false},"author":2,"featured_media":0,"parent":27,"menu_order":4,"comment_status":"closed","ping_status":"closed","template":"","meta":{"footnotes":""},"class_list":["post-73","page","type-page","status-publish","hentry"],"_links":{"self":[{"href":"https:\/\/fcnettetal.com\/index.php?rest_route=\/wp\/v2\/pages\/73","targetHints":{"allow":["GET"]}}],"collection":[{"href":"https:\/\/fcnettetal.com\/index.php?rest_route=\/wp\/v2\/pages"}],"about":[{"href":"https:\/\/fcnettetal.com\/index.php?rest_route=\/wp\/v2\/types\/page"}],"author":[{"embeddable":true,"href":"https:\/\/fcnettetal.com\/index.php?rest_route=\/wp\/v2\/users\/2"}],"replies":[{"embeddable":true,"href":"https:\/\/fcnettetal.com\/index.php?rest_route=%2Fwp%2Fv2%2Fcomments&post=73"}],"version-history":[{"count":0,"href":"https:\/\/fcnettetal.com\/index.php?rest_route=\/wp\/v2\/pages\/73\/revisions"}],"up":[{"embeddable":true,"href":"https:\/\/fcnettetal.com\/index.php?rest_route=\/wp\/v2\/pages\/27"}],"wp:attachment":[{"href":"https:\/\/fcnettetal.com\/index.php?rest_route=%2Fwp%2Fv2%2Fmedia&parent=73"}],"curies":[{"name":"wp","href":"https:\/\/api.w.org\/{rel}","templated":true}]}}